{"id":33,"date":"2019-04-01T13:49:31","date_gmt":"2019-04-01T13:49:31","guid":{"rendered":"https:\/\/demo.cocobasic.com\/pekko-wp\/?page_id=33"},"modified":"2026-04-16T03:40:50","modified_gmt":"2026-04-16T04:40:50","slug":"about","status":"publish","type":"page","link":"https:\/\/kraeutler.archi\/?page_id=33","title":{"rendered":"Bio &#8211; Raphael Kr\u00e4utler, dipl. Arch ETH SIA BSA"},"content":{"rendered":"\t\t<div data-elementor-type=\"wp-page\" data-elementor-id=\"33\" class=\"elementor elementor-33\">\n\t\t\t\t\t\t<section class=\"elementor-section elementor-top-section elementor-element elementor-element-4c3851f elementor-section-boxed elementor-section-height-default elementor-section-height-default\" data-id=\"4c3851f\" data-element_type=\"section\" data-e-type=\"section\">\n\t\t\t\t\t\t<div class=\"elementor-container elementor-column-gap-no\">\n\t\t\t\t\t<div class=\"elementor-column elementor-col-100 elementor-top-column elementor-element elementor-element-980ae5c\" data-id=\"980ae5c\" data-element_type=\"column\" data-e-type=\"column\">\n\t\t\t<div class=\"elementor-widget-wrap elementor-element-populated\">\n\t\t\t\t\t\t<div class=\"elementor-element elementor-element-63cc757 elementor-widget elementor-widget-heading\" data-id=\"63cc757\" data-element_type=\"widget\" data-e-type=\"widget\" data-widget_type=\"heading.default\">\n\t\t\t\t<div class=\"elementor-widget-container\">\n\t\t\t\t\t<h2 class=\"elementor-heading-title elementor-size-default\"><h1 class=\"elementor-heading-title elementor-size-default elementor-inline-editing pen\" data-elementor-setting-key=\"title\" data-pen-placeholder=\"Type Here...\">Darf ich mich vorstellen?<\/h1><\/h2>\t\t\t\t<\/div>\n\t\t\t\t<\/div>\n\t\t<div class=\"elementor-element elementor-element-833d1b7 e-grid e-con-full e-con e-parent\" data-id=\"833d1b7\" data-element_type=\"container\" data-e-type=\"container\">\n\t\t\t\t<div class=\"elementor-element elementor-element-f289320 elementor-widget elementor-widget-image\" data-id=\"f289320\" data-element_type=\"widget\" data-e-type=\"widget\" data-widget_type=\"image.default\">\n\t\t\t\t<div class=\"elementor-widget-container\">\n\t\t\t\t\t\t\t\t\t\t\t\t\t\t\t<img fetchpriority=\"high\" decoding=\"async\" width=\"1607\" height=\"1607\" src=\"https:\/\/kraeutler.archi\/wp-content\/uploads\/2026\/03\/portrait_05.jpg\" class=\"attachment-full size-full wp-image-2387\" alt=\"\" srcset=\"https:\/\/kraeutler.archi\/wp-content\/uploads\/2026\/03\/portrait_05.jpg 1607w, https:\/\/kraeutler.archi\/wp-content\/uploads\/2026\/03\/portrait_05-300x300.jpg 300w, https:\/\/kraeutler.archi\/wp-content\/uploads\/2026\/03\/portrait_05-1024x1024.jpg 1024w, https:\/\/kraeutler.archi\/wp-content\/uploads\/2026\/03\/portrait_05-150x150.jpg 150w, https:\/\/kraeutler.archi\/wp-content\/uploads\/2026\/03\/portrait_05-768x768.jpg 768w, https:\/\/kraeutler.archi\/wp-content\/uploads\/2026\/03\/portrait_05-1536x1536.jpg 1536w\" sizes=\"(max-width: 1607px) 100vw, 1607px\" \/>\t\t\t\t\t\t\t\t\t\t\t\t\t\t\t<\/div>\n\t\t\t\t<\/div>\n\t\t\t\t<div class=\"elementor-element elementor-element-d395458 elementor-widget elementor-widget-text-editor\" data-id=\"d395458\" data-element_type=\"widget\" data-e-type=\"widget\" data-widget_type=\"text-editor.default\">\n\t\t\t\t<div class=\"elementor-widget-container\">\n\t\t\t\t\t\t\t\t\t<p>Raphael Kr\u00e4utler, diplomierter Architekt ETH SIA BSA; ich lebe und arbeite in Z\u00fcrich. Nach meiner Studienzeit in Innsbruck, Mendrisio und Z\u00fcrich schloss ich 2002 mit Diplom an der ETH ab und gr\u00fcndete im Anschluss mit Maurice Berrel unser gemeinsames B\u00fcro Berrel Kr\u00e4utler Architekten. 2010 schlossen wir mit dem B\u00fcro von J\u00fcrg Berrel in Basel zusammen.<\/p>\t\t\t\t\t\t\t\t<\/div>\n\t\t\t\t<\/div>\n\t\t\t\t<div class=\"elementor-element elementor-element-b907357 elementor-widget elementor-widget-text-editor\" data-id=\"b907357\" data-element_type=\"widget\" data-e-type=\"widget\" data-widget_type=\"text-editor.default\">\n\t\t\t\t<div class=\"elementor-widget-container\">\n\t\t\t\t\t\t\t\t\t<p>Wir entwarfen und realisierten in erster Linie grosse, organisatorisch komplexe \u00f6ffentliche Bauten wie das WHO-Hauptquartier und die AHV-Erweiterung in Genf oder die St. Jakobshalle in Basel. Diese Arbeiten wurden mehrfach ausgezeichnet. <br \/>Parallel dazu arbeitete ich auch in weiteren Funktionen, unter anderem an der Professur Deplazes an der ETH. Ich bin zudem in verschiedenen Jurys t\u00e4tig und halte Kritiken sowie Vortr\u00e4ge im In- und Ausland.<\/p>\t\t\t\t\t\t\t\t<\/div>\n\t\t\t\t<\/div>\n\t\t\t\t<div class=\"elementor-element elementor-element-4e6172e elementor-widget elementor-widget-image\" data-id=\"4e6172e\" data-element_type=\"widget\" data-e-type=\"widget\" data-widget_type=\"image.default\">\n\t\t\t\t<div class=\"elementor-widget-container\">\n\t\t\t\t\t\t\t\t\t\t\t\t\t\t\t<img decoding=\"async\" width=\"435\" height=\"435\" src=\"https:\/\/kraeutler.archi\/wp-content\/uploads\/2025\/02\/portrait_04.jpg\" class=\"attachment-full size-full wp-image-1799\" alt=\"\" srcset=\"https:\/\/kraeutler.archi\/wp-content\/uploads\/2025\/02\/portrait_04.jpg 435w, https:\/\/kraeutler.archi\/wp-content\/uploads\/2025\/02\/portrait_04-300x300.jpg 300w, https:\/\/kraeutler.archi\/wp-content\/uploads\/2025\/02\/portrait_04-150x150.jpg 150w\" sizes=\"(max-width: 435px) 100vw, 435px\" \/>\t\t\t\t\t\t\t\t\t\t\t\t\t\t\t<\/div>\n\t\t\t\t<\/div>\n\t\t\t\t<div class=\"elementor-element elementor-element-8bc3c5a elementor-widget elementor-widget-image\" data-id=\"8bc3c5a\" data-element_type=\"widget\" data-e-type=\"widget\" data-widget_type=\"image.default\">\n\t\t\t\t<div class=\"elementor-widget-container\">\n\t\t\t\t\t\t\t\t\t\t\t\t\t\t\t<img decoding=\"async\" width=\"435\" height=\"435\" src=\"https:\/\/kraeutler.archi\/wp-content\/uploads\/2025\/06\/maurice_raphael.png\" class=\"attachment-large size-large wp-image-1845\" alt=\"\" srcset=\"https:\/\/kraeutler.archi\/wp-content\/uploads\/2025\/06\/maurice_raphael.png 435w, https:\/\/kraeutler.archi\/wp-content\/uploads\/2025\/06\/maurice_raphael-300x300.png 300w, https:\/\/kraeutler.archi\/wp-content\/uploads\/2025\/06\/maurice_raphael-150x150.png 150w\" sizes=\"(max-width: 435px) 100vw, 435px\" \/>\t\t\t\t\t\t\t\t\t\t\t\t\t\t\t<\/div>\n\t\t\t\t<\/div>\n\t\t\t\t<div class=\"elementor-element elementor-element-9fd4646 elementor-widget elementor-widget-text-editor\" data-id=\"9fd4646\" data-element_type=\"widget\" data-e-type=\"widget\" data-widget_type=\"text-editor.default\">\n\t\t\t\t<div class=\"elementor-widget-container\">\n\t\t\t\t\t\t\t\t\t<p>Anfang 2025, nach \u00fcber 20 Jahren Zusammenarbeit, haben Maurice und ich einvernehmlich beschlossen, k\u00fcnftig beruflich getrennte Wege zu gehen.<\/p><p>Maurice \u00fcbernahm das B\u00fcro Berrel Kr\u00e4utler Architekten vollst\u00e4ndig und f\u00fchrt es unter dem bisherigen Namen weiter.<\/p><p>Ich gr\u00fcndete das Atelier Kr\u00e4utler und arbeite seither eigenst\u00e4ndig.<\/p>\t\t\t\t\t\t\t\t<\/div>\n\t\t\t\t<\/div>\n\t\t\t\t<div class=\"elementor-element elementor-element-2490067 elementor-widget elementor-widget-text-editor\" data-id=\"2490067\" data-element_type=\"widget\" data-e-type=\"widget\" data-widget_type=\"text-editor.default\">\n\t\t\t\t<div class=\"elementor-widget-container\">\n\t\t\t\t\t\t\t\t\t<section class=\"text-token-text-primary w-full focus:outline-none [--shadow-height:45px] has-data-writing-block:pointer-events-none has-data-writing-block:-mt-(--shadow-height) has-data-writing-block:pt-(--shadow-height) [&amp;:has([data-writing-block])&gt;*]:pointer-events-auto scroll-mt-(--header-height)\" dir=\"auto\" data-turn-id=\"2b3aea42-c915-42d8-a486-b5abef1457f8\" data-testid=\"conversation-turn-23\" data-scroll-anchor=\"false\" data-turn=\"user\"><div class=\"text-base my-auto mx-auto pt-12 [--thread-content-margin:var(--thread-content-margin-xs,calc(var(--spacing)*4))] @w-sm\/main:[--thread-content-margin:var(--thread-content-margin-sm,calc(var(--spacing)*6))] @w-lg\/main:[--thread-content-margin:var(--thread-content-margin-lg,calc(var(--spacing)*16))] px-(--thread-content-margin)\"><div class=\"[--thread-content-max-width:40rem] @w-lg\/main:[--thread-content-max-width:48rem] mx-auto max-w-(--thread-content-max-width) flex-1 group\/turn-messages focus-visible:outline-hidden relative flex w-full min-w-0 flex-col\"><div class=\"flex max-w-full flex-col gap-4 grow\"><div class=\"min-h-8 text-message relative flex w-full flex-col items-end gap-2 text-start break-words whitespace-normal outline-none keyboard-focused:focus-ring [.text-message+&amp;]:mt-1\" dir=\"auto\" data-message-author-role=\"user\" data-message-id=\"2b3aea42-c915-42d8-a486-b5abef1457f8\"><div class=\"flex w-full flex-col gap-1 empty:hidden items-end rtl:items-start\"><div class=\"user-message-bubble-color corner-superellipse\/0.98 relative rounded-[22px] px-4 py-2.5 leading-6 max-w-(--user-chat-width,70%)\"><div class=\"whitespace-pre-wrap\"><p>Ich arbeite heute in wechselnden Konstellationen \u2013 allein oder in interdisziplin\u00e4ren Teams. Die Aufgaben reichen vom kleinr\u00e4umlichen Eingriff im Bestand bis zur st\u00e4dtebaulichen Studie.<\/p><p>Ziel der Arbeit ist nicht eine stilistische Handschrift, sondern die unvoreingenommene Entwicklung einer verdichteten architektonischen Antwort auf den <em>genius loci<\/em> und dem gelebtem Gebrauch \u2013 das Schaffen von Orten von atmosph\u00e4rischer Qualit\u00e4t und dauerhafter Tragf\u00e4higkeit.<\/p><\/div><\/div><\/div><\/div><\/div><\/div><\/div><\/section>\t\t\t\t\t\t\t\t<\/div>\n\t\t\t\t<\/div>\n\t\t\t\t<div class=\"elementor-element elementor-element-0201a12 elementor-widget elementor-widget-image\" data-id=\"0201a12\" data-element_type=\"widget\" data-e-type=\"widget\" data-widget_type=\"image.default\">\n\t\t\t\t<div class=\"elementor-widget-container\">\n\t\t\t\t\t\t\t\t\t\t\t\t\t\t\t<img loading=\"lazy\" decoding=\"async\" width=\"1024\" height=\"1024\" src=\"https:\/\/kraeutler.archi\/wp-content\/uploads\/2026\/04\/who_baustelle.png\" class=\"attachment-large size-large wp-image-2720\" alt=\"\" srcset=\"https:\/\/kraeutler.archi\/wp-content\/uploads\/2026\/04\/who_baustelle.png 1024w, https:\/\/kraeutler.archi\/wp-content\/uploads\/2026\/04\/who_baustelle-300x300.png 300w, https:\/\/kraeutler.archi\/wp-content\/uploads\/2026\/04\/who_baustelle-150x150.png 150w, https:\/\/kraeutler.archi\/wp-content\/uploads\/2026\/04\/who_baustelle-768x768.png 768w\" sizes=\"(max-width: 1024px) 100vw, 1024px\" \/>\t\t\t\t\t\t\t\t\t\t\t\t\t\t\t<\/div>\n\t\t\t\t<\/div>\n\t\t\t\t<\/div>\n\t\t\t\t\t<\/div>\n\t\t<\/div>\n\t\t\t\t\t<\/div>\n\t\t<\/section>\n\t\t\t\t<\/div>\n\t\t","protected":false},"excerpt":{"rendered":"<p>Darf ich mich vorstellen? Raphael Kr\u00e4utler, diplomierter Architekt ETH SIA BSA; ich lebe und arbeite in Z\u00fcrich. Nach meiner Studienzeit in Innsbruck, Mendrisio und Z\u00fcrich schloss ich 2002 mit Diplom an der ETH ab und gr\u00fcndete im Anschluss mit Maurice Berrel unser gemeinsames B\u00fcro Berrel Kr\u00e4utler Architekten. 2010 schlossen wir mit dem B\u00fcro von J\u00fcrg [&hellip;]<\/p>\n","protected":false},"author":1,"featured_media":0,"parent":0,"menu_order":0,"comment_status":"closed","ping_status":"closed","template":"","meta":{"footnotes":""},"class_list":["post-33","page","type-page","status-publish","hentry"],"_links":{"self":[{"href":"https:\/\/kraeutler.archi\/index.php?rest_route=\/wp\/v2\/pages\/33","targetHints":{"allow":["GET"]}}],"collection":[{"href":"https:\/\/kraeutler.archi\/index.php?rest_route=\/wp\/v2\/pages"}],"about":[{"href":"https:\/\/kraeutler.archi\/index.php?rest_route=\/wp\/v2\/types\/page"}],"author":[{"embeddable":true,"href":"https:\/\/kraeutler.archi\/index.php?rest_route=\/wp\/v2\/users\/1"}],"replies":[{"embeddable":true,"href":"https:\/\/kraeutler.archi\/index.php?rest_route=%2Fwp%2Fv2%2Fcomments&post=33"}],"version-history":[{"count":5,"href":"https:\/\/kraeutler.archi\/index.php?rest_route=\/wp\/v2\/pages\/33\/revisions"}],"predecessor-version":[{"id":2723,"href":"https:\/\/kraeutler.archi\/index.php?rest_route=\/wp\/v2\/pages\/33\/revisions\/2723"}],"wp:attachment":[{"href":"https:\/\/kraeutler.archi\/index.php?rest_route=%2Fwp%2Fv2%2Fmedia&parent=33"}],"curies":[{"name":"wp","href":"https:\/\/api.w.org\/{rel}","templated":true}]}}