{"id":69,"date":"2019-04-03T12:36:36","date_gmt":"2019-04-03T12:36:36","guid":{"rendered":"https:\/\/demo.cocobasic.com\/pekko-wp\/?page_id=69"},"modified":"2026-04-17T13:46:23","modified_gmt":"2026-04-17T14:46:23","slug":"contact","status":"publish","type":"page","link":"https:\/\/kraeutler.archi\/?page_id=69","title":{"rendered":"Kontakt &#8211; Raphael Kr\u00e4utler, dipl. Arch ETH SIA BSA"},"content":{"rendered":"\t\t<div data-elementor-type=\"wp-page\" data-elementor-id=\"69\" class=\"elementor elementor-69\">\n\t\t\t\t<div class=\"elementor-element elementor-element-5439e8b e-flex e-con-boxed e-con e-parent\" data-id=\"5439e8b\" data-element_type=\"container\" data-e-type=\"container\">\n\t\t\t\t\t<div class=\"e-con-inner\">\n\t\t\t\t<div class=\"elementor-element elementor-element-81bfc59 elementor-widget elementor-widget-heading\" data-id=\"81bfc59\" data-element_type=\"widget\" data-e-type=\"widget\" data-widget_type=\"heading.default\">\n\t\t\t\t<div class=\"elementor-widget-container\">\n\t\t\t\t\t<h2 class=\"elementor-heading-title elementor-size-default\">Willkommen in der Werkstatt<\/h2>\t\t\t\t<\/div>\n\t\t\t\t<\/div>\n\t\t<div class=\"elementor-element elementor-element-3ac6654 e-grid e-con-full e-con e-child\" data-id=\"3ac6654\" data-element_type=\"container\" data-e-type=\"container\">\n\t\t\t\t<div class=\"elementor-element elementor-element-aeffb4e elementor-widget elementor-widget-text-editor\" data-id=\"aeffb4e\" data-element_type=\"widget\" data-e-type=\"widget\" data-widget_type=\"text-editor.default\">\n\t\t\t\t<div class=\"elementor-widget-container\">\n\t\t\t\t\t\t\t\t\t<p>Wir sind Teil des Kollektivs &#171;Verein Fl\u00fcelastrasse 6\/10&#187;, einem Zusammenschluss von K\u00fcnstlern, Gestaltern, Planern und Technikern in der ehemaligen Briegerfabrik.\u00a0<\/p><p>Atelier Kr\u00e4utler <br \/>Architekten ETH SIA BSA<br \/>Fl\u00fcelastrasse 6<br \/>8048 Z\u00fcrich<\/p><p>+41 78 944 55 65<br \/>office@kraeutler.archi<\/p>\t\t\t\t\t\t\t\t<\/div>\n\t\t\t\t<\/div>\n\t\t\t\t<div class=\"elementor-element elementor-element-f457edd elementor-widget elementor-widget-image\" data-id=\"f457edd\" data-element_type=\"widget\" data-e-type=\"widget\" data-widget_type=\"image.default\">\n\t\t\t\t<div class=\"elementor-widget-container\">\n\t\t\t\t\t\t\t\t\t\t\t\t\t\t\t<img fetchpriority=\"high\" decoding=\"async\" width=\"1024\" height=\"1011\" src=\"https:\/\/kraeutler.archi\/wp-content\/uploads\/2026\/04\/flueelastrasse-1-1024x1011.png\" class=\"attachment-large size-large wp-image-2712\" alt=\"\" srcset=\"https:\/\/kraeutler.archi\/wp-content\/uploads\/2026\/04\/flueelastrasse-1-1024x1011.png 1024w, https:\/\/kraeutler.archi\/wp-content\/uploads\/2026\/04\/flueelastrasse-1-300x296.png 300w, https:\/\/kraeutler.archi\/wp-content\/uploads\/2026\/04\/flueelastrasse-1-768x758.png 768w, https:\/\/kraeutler.archi\/wp-content\/uploads\/2026\/04\/flueelastrasse-1.png 1364w\" sizes=\"(max-width: 1024px) 100vw, 1024px\" \/>\t\t\t\t\t\t\t\t\t\t\t\t\t\t\t<\/div>\n\t\t\t\t<\/div>\n\t\t\t\t<div class=\"elementor-element elementor-element-8320311 elementor-widget elementor-widget-image\" data-id=\"8320311\" data-element_type=\"widget\" data-e-type=\"widget\" data-widget_type=\"image.default\">\n\t\t\t\t<div class=\"elementor-widget-container\">\n\t\t\t\t\t\t\t\t\t\t\t\t\t\t\t<img decoding=\"async\" width=\"1024\" height=\"1024\" src=\"https:\/\/kraeutler.archi\/wp-content\/uploads\/2026\/04\/ati3-1024x1024.png\" class=\"attachment-large size-large wp-image-2678\" alt=\"\" srcset=\"https:\/\/kraeutler.archi\/wp-content\/uploads\/2026\/04\/ati3-1024x1024.png 1024w, https:\/\/kraeutler.archi\/wp-content\/uploads\/2026\/04\/ati3-300x300.png 300w, https:\/\/kraeutler.archi\/wp-content\/uploads\/2026\/04\/ati3-150x150.png 150w, https:\/\/kraeutler.archi\/wp-content\/uploads\/2026\/04\/ati3-768x768.png 768w, https:\/\/kraeutler.archi\/wp-content\/uploads\/2026\/04\/ati3-1536x1536.png 1536w, https:\/\/kraeutler.archi\/wp-content\/uploads\/2026\/04\/ati3.png 2048w\" sizes=\"(max-width: 1024px) 100vw, 1024px\" \/>\t\t\t\t\t\t\t\t\t\t\t\t\t\t\t<\/div>\n\t\t\t\t<\/div>\n\t\t\t\t<div class=\"elementor-element elementor-element-01eea1d elementor-widget elementor-widget-image\" data-id=\"01eea1d\" data-element_type=\"widget\" data-e-type=\"widget\" data-widget_type=\"image.default\">\n\t\t\t\t<div class=\"elementor-widget-container\">\n\t\t\t\t\t\t\t\t\t\t\t\t\t\t\t<img decoding=\"async\" width=\"435\" height=\"435\" src=\"https:\/\/kraeutler.archi\/wp-content\/uploads\/2026\/04\/ak_karte.gif\" class=\"attachment-large size-large wp-image-2844\" alt=\"\" \/>\t\t\t\t\t\t\t\t\t\t\t\t\t\t\t<\/div>\n\t\t\t\t<\/div>\n\t\t\t\t<\/div>\n\t\t\t\t\t<\/div>\n\t\t\t\t<\/div>\n\t\t<div class=\"elementor-element elementor-element-8547d8a e-flex e-con-boxed e-con e-parent\" data-id=\"8547d8a\" data-element_type=\"container\" data-e-type=\"container\">\n\t\t\t\t\t<div class=\"e-con-inner\">\n\t\t\t\t\t<\/div>\n\t\t\t\t<\/div>\n\t\t\t\t<\/div>\n\t\t","protected":false},"excerpt":{"rendered":"<p>Willkommen in der Werkstatt Wir sind Teil des Kollektivs &#171;Verein Fl\u00fcelastrasse 6\/10&#187;, einem Zusammenschluss von K\u00fcnstlern, Gestaltern, Planern und Technikern in der ehemaligen Briegerfabrik.\u00a0 Atelier Kr\u00e4utler Architekten ETH SIA BSAFl\u00fcelastrasse 68048 Z\u00fcrich +41 78 944 55 65office@kraeutler.archi<\/p>\n","protected":false},"author":1,"featured_media":0,"parent":0,"menu_order":0,"comment_status":"closed","ping_status":"closed","template":"","meta":{"footnotes":""},"class_list":["post-69","page","type-page","status-publish","hentry"],"_links":{"self":[{"href":"https:\/\/kraeutler.archi\/index.php?rest_route=\/wp\/v2\/pages\/69","targetHints":{"allow":["GET"]}}],"collection":[{"href":"https:\/\/kraeutler.archi\/index.php?rest_route=\/wp\/v2\/pages"}],"about":[{"href":"https:\/\/kraeutler.archi\/index.php?rest_route=\/wp\/v2\/types\/page"}],"author":[{"embeddable":true,"href":"https:\/\/kraeutler.archi\/index.php?rest_route=\/wp\/v2\/users\/1"}],"replies":[{"embeddable":true,"href":"https:\/\/kraeutler.archi\/index.php?rest_route=%2Fwp%2Fv2%2Fcomments&post=69"}],"version-history":[{"count":5,"href":"https:\/\/kraeutler.archi\/index.php?rest_route=\/wp\/v2\/pages\/69\/revisions"}],"predecessor-version":[{"id":2847,"href":"https:\/\/kraeutler.archi\/index.php?rest_route=\/wp\/v2\/pages\/69\/revisions\/2847"}],"wp:attachment":[{"href":"https:\/\/kraeutler.archi\/index.php?rest_route=%2Fwp%2Fv2%2Fmedia&parent=69"}],"curies":[{"name":"wp","href":"https:\/\/api.w.org\/{rel}","templated":true}]}}